{"id":394,"date":"2019-02-07T12:50:11","date_gmt":"2019-02-07T11:50:11","guid":{"rendered":"https:\/\/siebenraum.wordpress.com\/?page_id=394"},"modified":"2022-11-29T14:52:18","modified_gmt":"2022-11-29T13:52:18","slug":"beratung","status":"publish","type":"page","link":"https:\/\/www.andrea-rakers.de\/?page_id=394","title":{"rendered":"Beratung"},"content":{"rendered":"\n<p class=\"has-medium-font-size\"><strong><em>&#8222;Wenn etwas funktioniert \u2013 mach mehr davon. Wenn das, was du tust, nicht funktioniert, dann mach etwas anderes.&#8220;<\/em><\/strong>  <\/p>\n\n\n\n<p class=\"has-small-font-size\"><em>Steve de Shazer<\/em><\/p>\n\n\n\n<div style=\"height:15px\" aria-hidden=\"true\" class=\"wp-block-spacer\"><\/div>\n\n\n\n<p style=\"font-size:16px\">In meiner Beratungst\u00e4tigkeit arbeite ich vorwiegend nach dem l\u00f6sungsorientierten  Ansatz von Steve de Shazer und Insoo Kim Berg. Dazu setze ich gerne kreative Methoden ein. <\/p>\n\n\n\n<div style=\"height:30px\" aria-hidden=\"true\" class=\"wp-block-spacer\"><\/div>\n\n\n\n<p class=\"has-text-color has-medium-font-size\" style=\"color:#e75a2d\"><strong>Beratung und Unterst\u00fctzung<\/strong><\/p>\n\n\n\n<ul class=\"wp-block-list\">\n<li>bei weiblichen \u00dcberg\u00e4ngen wie Pubert\u00e4t \u2013 Mutterschaft \u2013 Wechseljahre<\/li>\n\n\n\n<li>bei  famili\u00e4ren Schwierigkeiten \u2013 Probleme mit Kindern \u2013 mit dem Partner_in \u2013  in der Patchworkfamilie \u2013 anstehender oder vollzogener Trennung<\/li>\n\n\n\n<li>bei Neu- und Umorientierung \u2013 Wiedereinstieg in den Beruf \u2013 Berufswechsel \u2013 Umzug<\/li>\n\n\n\n<li>bei  Selbstwertthemen \u2013 Wunsch nach St\u00e4rkung des Selbstbewusstseins,  kraftvollerem Auftreten, Ablegen von Sch\u00fcchternheit, Unzufriedenheit mit  dem eigenen \u00c4u\u00dferen<\/li>\n\n\n\n<li>bei Liebeskummer<\/li>\n\n\n\n<li>bei Entscheidungsschwierigkeiten<\/li>\n<\/ul>\n\n\n\n<div style=\"height:30px\" aria-hidden=\"true\" class=\"wp-block-spacer\"><\/div>\n\n\n\n<p><\/p>\n\n\n\n<p class=\"has-text-color has-medium-font-size\" id=\"entladen-einladen-aufladen\" style=\"color:#e75a2d\"><strong>Entladen &#8211; Einladen &#8211; Aufladen<\/strong><\/p>\n\n\n\n<figure class=\"wp-block-image size-large\"><a href=\"https:\/\/siebenraum.files.wordpress.com\/2021\/08\/enteinaufladen_01_neu-1.pdf\" target=\"_blank\" rel=\"noreferrer noopener\"><img decoding=\"async\" src=\"https:\/\/siebenraum.files.wordpress.com\/2021\/08\/einladen.jpg?w=1024\" alt=\"\" class=\"wp-image-984\"\/><\/a><\/figure>\n\n\n\n<p style=\"font-size:16px\">Hier mische ich meine Lieblingsmethoden aus der l\u00f6sungsfokussierten Beratung, dem Focussing und der kreativtherapeutischen Arbeit. <\/p>\n\n\n\n<div style=\"height:30px\" aria-hidden=\"true\" class=\"wp-block-spacer\"><\/div>\n\n\n\n<p class=\"has-text-color has-medium-font-size\" id=\"check-up-fur-mein-leben\" style=\"color:#e75a2d\"><strong>Check -Up f\u00fcr mein Leben<\/strong><\/p>\n\n\n\n<figure class=\"wp-block-image size-large\"><a href=\"https:\/\/siebenraum.files.wordpress.com\/2021\/02\/flyer-check-up.pdf\" target=\"_blank\" rel=\"noreferrer noopener\"><img decoding=\"async\" src=\"https:\/\/siebenraum.files.wordpress.com\/2021\/04\/andrearakers_check-up-fb-insta.jpg?w=1024\" alt=\"\" class=\"wp-image-877\"\/><\/a><\/figure>\n\n\n\n<p style=\"font-size:16px\">ist ein intensiver Beratungsprozess, der dazu anregt, die verschiedenen Facetten und Bereiche  des eigenen Lebens zu betrachten. Diesen Prozess begleite ich an sieben Terminen plus einem  Nachbereitungstermin nach sieben Wochen. Zwischen den Terminen gibt es individuell zugeschnittene Aufgaben, um das Erfahrene in den Alltag zu integrieren. <\/p>\n\n\n\n<p style=\"font-size:16px\">In jeder Sitzung werden wir uns mit Zielfragen besch\u00e4ftigen und gemeinsam schauen, welche Schritte gegangen werden m\u00fcssen, um eine m\u00f6gliche Ver\u00e4nderung im Leben zu erreichen.<\/p>\n\n\n\n<div style=\"height:30px\" aria-hidden=\"true\" class=\"wp-block-spacer\"><\/div>\n\n\n\n<p class=\"has-text-color has-medium-font-size\" id=\"check-up-fur-mein-leben\" style=\"color:#e75a2d\"><strong>\u00dcbergangsphasen<\/strong><\/p>\n\n\n\n<figure class=\"wp-block-image size-large\"><a href=\"https:\/\/siebenraum.files.wordpress.com\/2022\/04\/arakers-uebergang-bild01.jpg\" target=\"_blank\" rel=\"noreferrer noopener\"><img decoding=\"async\" src=\"https:\/\/siebenraum.files.wordpress.com\/2022\/04\/arakers-uebergang-bild01.jpg?w=1024\" alt=\"\" class=\"wp-image-1399\"\/><\/a><\/figure>\n\n\n\n<div style=\"height:30px\" aria-hidden=\"true\" class=\"wp-block-spacer\"><\/div>\n\n\n\n<p class=\"has-text-color has-medium-font-size\" id=\"check-up-fur-mein-leben\" style=\"color:#e75a2d\"><strong>Beratung &#8211; Ritual &#8211; Abschiednehmen<\/strong><\/p>\n\n\n\n<figure class=\"wp-block-image size-large\"><a href=\"https:\/\/siebenraum.files.wordpress.com\/2022\/04\/kurs-trauer-haustier.pdf\" target=\"_blank\" rel=\"noreferrer noopener\"><img decoding=\"async\" src=\"https:\/\/siebenraum.files.wordpress.com\/2022\/04\/trauerhaustier_1.jpg?w=1024\" alt=\"\" class=\"wp-image-1386\"\/><\/a><\/figure>\n\n\n\n<p>Kreative Trauerbegleitung bei Verlust des Haustieres<\/p>\n\n\n\n<p><\/p>\n\n\n\n<div style=\"height:60px\" aria-hidden=\"true\" class=\"wp-block-spacer\"><\/div>\n\n\n\n<p><\/p>\n\n\n\n<p><\/p>\n\n\n\n<p><\/p>\n\n\n\n<p><\/p>\n\n\n\n<p><\/p>\n\n\n\n<p><\/p>\n\n\n\n<p><\/p>\n\n\n\n<p><\/p>\n\n\n\n<p class=\"has-small-font-size\"><em>Bildquelle: Max Ravier by pexels<\/em><\/p>\n","protected":false},"excerpt":{"rendered":"<p>&#8222;Wenn etwas funktioniert \u2013 mach mehr davon. Wenn das, was du tust, nicht funktioniert, dann mach etwas anderes.&#8220; Steve de Shazer In meiner Beratungst\u00e4tigkeit arbeite ich vorwiegend nach dem l\u00f6sungsorientierten Ansatz von Steve de Shazer und Insoo Kim Berg. Dazu setze ich gerne kreative Methoden ein. Beratung und Unterst\u00fctzung Entladen &#8211; Einladen &#8211; Aufladen Hier &hellip; <a href=\"https:\/\/www.andrea-rakers.de\/?page_id=394\" class=\"more-link\"><span class=\"screen-reader-text\">Beratung<\/span> weiterlesen<\/a><\/p>\n","protected":false},"author":1,"featured_media":1184,"parent":0,"menu_order":0,"comment_status":"closed","ping_status":"closed","template":"templates\/full-width-page.php","meta":{"footnotes":""},"class_list":["post-394","page","type-page","status-publish","has-post-thumbnail","hentry"],"_links":{"self":[{"href":"https:\/\/www.andrea-rakers.de\/index.php?rest_route=\/wp\/v2\/pages\/394","targetHints":{"allow":["GET"]}}],"collection":[{"href":"https:\/\/www.andrea-rakers.de\/index.php?rest_route=\/wp\/v2\/pages"}],"about":[{"href":"https:\/\/www.andrea-rakers.de\/index.php?rest_route=\/wp\/v2\/types\/page"}],"author":[{"embeddable":true,"href":"https:\/\/www.andrea-rakers.de\/index.php?rest_route=\/wp\/v2\/users\/1"}],"replies":[{"embeddable":true,"href":"https:\/\/www.andrea-rakers.de\/index.php?rest_route=%2Fwp%2Fv2%2Fcomments&post=394"}],"version-history":[{"count":2,"href":"https:\/\/www.andrea-rakers.de\/index.php?rest_route=\/wp\/v2\/pages\/394\/revisions"}],"predecessor-version":[{"id":1183,"href":"https:\/\/www.andrea-rakers.de\/index.php?rest_route=\/wp\/v2\/pages\/394\/revisions\/1183"}],"wp:featuredmedia":[{"embeddable":true,"href":"https:\/\/www.andrea-rakers.de\/index.php?rest_route=\/wp\/v2\/media\/1184"}],"wp:attachment":[{"href":"https:\/\/www.andrea-rakers.de\/index.php?rest_route=%2Fwp%2Fv2%2Fmedia&parent=394"}],"curies":[{"name":"wp","href":"https:\/\/api.w.org\/{rel}","templated":true}]}}