{"id":25,"date":"2019-01-08T15:24:09","date_gmt":"2019-01-08T13:24:09","guid":{"rendered":"https:\/\/siebenraum.wordpress.com\/?page_id=25"},"modified":"2022-11-29T14:59:14","modified_gmt":"2022-11-29T13:59:14","slug":"vita","status":"publish","type":"page","link":"https:\/\/www.andrea-rakers.de\/?page_id=25","title":{"rendered":"Vita"},"content":{"rendered":"\n<p class=\"has-text-align-center\"><\/p>\n\n\n\n<p class=\"has-text-align-center\"><strong> <\/strong><\/p>\n\n\n<div class=\"wp-block-image\">\n<figure class=\"alignleft is-resized\"><img loading=\"lazy\" decoding=\"async\" src=\"https:\/\/siebenraum.files.wordpress.com\/2021\/07\/ich-1.jpg?w=378\" alt=\"\" class=\"wp-image-957\" width=\"112\" height=\"107\"\/><\/figure>\n<\/div>\n\n\n<p class=\"has-text-color\" style=\"color:#e75a2d;font-size:18px\"><strong>Andrea Rakers<\/strong><br><em>Diplomp\u00e4dagogin &#8211; Theaterp\u00e4dagogin &#8211; klinische Theatertherapeutin<\/em><\/p>\n\n\n\n<p><\/p>\n\n\n\n<div style=\"height:15px\" aria-hidden=\"true\" class=\"wp-block-spacer\"><\/div>\n\n\n\n<p style=\"font-size:16px\"><strong>1965<\/strong>  wurde ich im Emsland geboren &#8211; von <strong>1985 bis 2020 <\/strong>Leben in Berlin und <strong>im M\u00e4rz 2020<\/strong> zog es mich wieder zur\u00fcck ins Emsland.  <\/p>\n\n\n\n<p style=\"font-size:16px\">Ich war langj\u00e4hrig hauptberuflich in der station\u00e4ren Kinder und Jugendhilfe, in der Familienbildung und der kulturellen Bildung t\u00e4tig.<\/p>\n\n\n\n<div style=\"height:30px\" aria-hidden=\"true\" class=\"wp-block-spacer\"><\/div>\n\n\n\n<p class=\"has-medium-font-size\"><strong>Meine bisherigen freiberuflichen Schwerpunkte<\/strong><\/p>\n\n\n\n<ul class=\"wp-block-list\">\n<li>l\u00f6sungsorientierte Beratung f\u00fcr Jugendliche und Erwachsene<\/li>\n\n\n\n<li>Mentoring f\u00fcr Teams kultureller und sozialer Einrichtungen<\/li>\n\n\n\n<li>Beratung von Ehrenamtlichen<\/li>\n\n\n\n<li>Fort- und Ausbildung f\u00fcr Erzieher_innen und Sozialp\u00e4dago_innen.<\/li>\n\n\n\n<li>Workshops f\u00fcr Vereine und freie Tr\u00e4ger <\/li>\n\n\n\n<li>themenzentrierte Kurse zur Pers\u00f6nlichkeitsbildung<\/li>\n\n\n\n<li>verschiedene theaterp\u00e4dagogische und theatertherapeutische Workshops und Seminare f\u00fcr Kinder, Jugendliche\/Erwachsene. <\/li>\n<\/ul>\n\n\n\n<div style=\"height:30px\" aria-hidden=\"true\" class=\"wp-block-spacer\"><\/div>\n\n\n\n<p class=\"has-medium-font-size\"><strong>Zertifizierte Qualifikationen<\/strong><\/p>\n\n\n\n<ul class=\"wp-block-list\">\n<li>Diplom P\u00e4dagogin &#8211; Freie Universit\u00e4t Berlin Abschluss 1992<\/li>\n\n\n\n<li>Theaterp\u00e4dagogin &#8211;  Berlin Wannseeforum von 1995 -1998 <\/li>\n\n\n\n<li>klinische Theatertherapeutin &#8211; Fachhochschule Dortmund von 2005 -2008 <\/li>\n\n\n\n<li>EEC Beraterin &#8211; Pestalozzi Fr\u00f6bel Haus Berlin &#8211; in 2016 <\/li>\n\n\n\n<li>L\u00f6sungsfokussierte Beraterin &#8211; Katholische Fachhochschule Berlin &#8211; in 2018 <\/li>\n<\/ul>\n\n\n\n<div style=\"height:30px\" aria-hidden=\"true\" class=\"wp-block-spacer\"><\/div>\n\n\n\n<p style=\"font-size:16px\"><em>Ich bin verheiratet, habe einen aus Syrien stammenden nun erwachsenen Pflegesohn, vier Patenkinder, zwei Wahlt\u00f6chter und Polli. <\/em><\/p>\n\n\n\n<figure class=\"wp-block-image size-large is-resized\"><img loading=\"lazy\" decoding=\"async\" src=\"https:\/\/siebenraum.files.wordpress.com\/2022\/04\/img-20220411-wa0000-edited-1.jpg\" alt=\"\" class=\"wp-image-1379\" width=\"563\" height=\"471\"\/><\/figure>\n\n\n\n<div style=\"height:60px\" aria-hidden=\"true\" class=\"wp-block-spacer\"><\/div>\n\n\n\n<p class=\"has-small-font-size\"><em>Bildquelle: Neosiam by pexels<\/em><\/p>\n","protected":false},"excerpt":{"rendered":"<p>Andrea RakersDiplomp\u00e4dagogin &#8211; Theaterp\u00e4dagogin &#8211; klinische Theatertherapeutin 1965 wurde ich im Emsland geboren &#8211; von 1985 bis 2020 Leben in Berlin und im M\u00e4rz 2020 zog es mich wieder zur\u00fcck ins Emsland. Ich war langj\u00e4hrig hauptberuflich in der station\u00e4ren Kinder und Jugendhilfe, in der Familienbildung und der kulturellen Bildung t\u00e4tig. Meine bisherigen freiberuflichen Schwerpunkte Zertifizierte &hellip; <a href=\"https:\/\/www.andrea-rakers.de\/?page_id=25\" class=\"more-link\"><span class=\"screen-reader-text\">Vita<\/span> weiterlesen<\/a><\/p>\n","protected":false},"author":1,"featured_media":1190,"parent":0,"menu_order":0,"comment_status":"closed","ping_status":"closed","template":"templates\/full-width-page.php","meta":{"footnotes":""},"class_list":["post-25","page","type-page","status-publish","has-post-thumbnail","hentry"],"_links":{"self":[{"href":"https:\/\/www.andrea-rakers.de\/index.php?rest_route=\/wp\/v2\/pages\/25","targetHints":{"allow":["GET"]}}],"collection":[{"href":"https:\/\/www.andrea-rakers.de\/index.php?rest_route=\/wp\/v2\/pages"}],"about":[{"href":"https:\/\/www.andrea-rakers.de\/index.php?rest_route=\/wp\/v2\/types\/page"}],"author":[{"embeddable":true,"href":"https:\/\/www.andrea-rakers.de\/index.php?rest_route=\/wp\/v2\/users\/1"}],"replies":[{"embeddable":true,"href":"https:\/\/www.andrea-rakers.de\/index.php?rest_route=%2Fwp%2Fv2%2Fcomments&post=25"}],"version-history":[{"count":3,"href":"https:\/\/www.andrea-rakers.de\/index.php?rest_route=\/wp\/v2\/pages\/25\/revisions"}],"predecessor-version":[{"id":1191,"href":"https:\/\/www.andrea-rakers.de\/index.php?rest_route=\/wp\/v2\/pages\/25\/revisions\/1191"}],"wp:featuredmedia":[{"embeddable":true,"href":"https:\/\/www.andrea-rakers.de\/index.php?rest_route=\/wp\/v2\/media\/1190"}],"wp:attachment":[{"href":"https:\/\/www.andrea-rakers.de\/index.php?rest_route=%2Fwp%2Fv2%2Fmedia&parent=25"}],"curies":[{"name":"wp","href":"https:\/\/api.w.org\/{rel}","templated":true}]}}