{"id":212,"date":"2019-01-23T18:36:24","date_gmt":"2019-01-23T16:36:24","guid":{"rendered":"https:\/\/siebenraum.wordpress.com\/?page_id=212"},"modified":"2026-01-07T17:28:21","modified_gmt":"2026-01-07T16:28:21","slug":"feedback","status":"publish","type":"page","link":"https:\/\/www.andrea-rakers.de\/?page_id=212","title":{"rendered":"Referenzen"},"content":{"rendered":"\n<p style=\"font-size:16px\"><span class=\"uppercase\"><strong>Vielen Dank f\u00fcr die wertsch\u00e4tzenden R\u00fcckmeldungen von Auftraggeber_innen, Kolleg_innen und Teilnehmer_innen meiner Angebote. Hier eine kleine Auswahl<\/strong>.<\/span>..<\/p>\n\n\n\n<div style=\"height:30px\" aria-hidden=\"true\" class=\"wp-block-spacer\"><\/div>\n\n\n\n<p class=\"has-text-color\" style=\"color:#e75a2d;font-size:16px\"><em><strong>Svenja Schophaus &#8211; Hannover &#8211; Gesch\u00e4ftsstellenleiterin Nieders\u00e4chsische Krebsgesellschaft e.V.<\/strong><\/em><\/p>\n\n\n\n<p class=\"has-small-font-size\">Frau Rakers bot f\u00fcr die Nieders\u00e4chsische Krebsgesellschaft in Cloppenburg zwei Wochenend-Seminare f\u00fcr Krebsbetroffene an. Unter den Themen \u201eLebensfreude \u2013 Lebenskraft\u201c und \u201eDen eigenen Weg finden\u201c begleitet sie die Teilnehmenden mit viel Einf\u00fchlungsverm\u00f6gen, Klarheit und Kreativit\u00e4t. <br>Die R\u00fcckmeldungen der Teilnehmenden sind durchweg positiv: Besonders gesch\u00e4tzt werden die warme Atmosph\u00e4re, der Schutzraum f\u00fcr pers\u00f6nliche Anliegen und die gute Balance zwischen K\u00f6rperarbeit, Kreativit\u00e4t und Gespr\u00e4ch.<br>Im kommenden Jahr wird Frau Rakers ihre Arbeit in Lingen mit zwei Wochenendseminaren zu \u201eKraft sch\u00f6pfen\u201c und \u201eKreative Selbstf\u00fcrsorge\u201c fortsetzen. Wir freuen uns sehr, dass wir Frau Rakers f\u00fcr diese Aufgabe gewinnen konnten. Ihre Seminare tragen bei den Teilnehmenden sp\u00fcrbar dazu bei, die eigene innere Kraft zu sp\u00fcren und zu entfalten.<\/p>\n\n\n\n<p class=\"has-text-color\" style=\"color:#e75a2d;font-size:16px\"><em><strong>Petra Wittschorek &#8211; Hannover &#8211; Referentin des Evangelischen Erziehungsverbandes (EREV<\/strong>)<\/em><\/p>\n\n\n\n<p class=\"has-small-font-size\"> <em>Der Evangelische Erziehungsverband ist als Bundesfachverband dem Diakonischen Werk der Evangelischen Kirche in Deutschland angeschlossen und f\u00f6rdert die christlich verantwortete Arbeit seiner  500 Mitgliedseinrichtungen in der ambulanten, teilstation\u00e4ren und station\u00e4ren Erziehungshilfe und bietet unter anderem jedes Jahr ein Fortbildungsprogramm an, das ich als Referentin verantworte. Seit 2009 wirkt Andrea Rakers in der Position als Referentin f\u00fcr das Fortbildungsprogramm des Evangelischen Erziehungsverbandes (EREV) mit und hat dabei ihre Aufgaben stets zu meiner vollsten Zufriedenheit und mit gro\u00dfem Elan und viel Engagement bew\u00e4ltigt. Ich habe sie als kompetente,  verantwortungsvolle und immer zuverl\u00e4ssigen Referentin kennen und sch\u00e4tzen gelernt. Dies zeigen im Besonderen auch die Evaluationen, die wir nach jeder Fortbildung mit den Teilnehmerinnen und Teilnehmern durchf\u00fchren. Frau Rakers genie\u00dft einen hervorragenden Ruf bei unseren Teilnehmenden \u2013 nicht zuletzt wegen ihrer fachlichen Erfahrungen, ihres theoretischen sowie praxisbezogenen Wissens und K\u00f6nnens und ihrer vielseitigen Methodenkompetenz. Neben der einwandfreien fachlichen Qualifikation zeichnet sich Frau Rakers durch Optimismus, Freundlichkeit und Einsatzfreude aus. Ich halte Frau Rakers als Fortbildungsreferentin f\u00fcr bestens geeignet und empfehle sie jederzeit f\u00fcr eine Besch\u00e4ftigung in diesem Bereich.Falls Sie hierzu noch Fragen haben, stehe ich Ihnen gerne f\u00fcr telefonische R\u00fcckfragen zur Verf\u00fcgung. <\/em> <\/p>\n\n\n\n<div style=\"height:30px\" aria-hidden=\"true\" class=\"wp-block-spacer\"><\/div>\n\n\n\n<p class=\"has-text-color\" style=\"color:#e75a2d;font-size:16px\"><em><strong>Ulrike Seyfarth &#8211; Berlin &#8211; Vorstand Verein Kongenitaler Hyperinsulismus<\/strong> <strong>(HI)<\/strong><\/em><\/p>\n\n\n\n<p class=\"has-small-font-size\"><em>Wir  als Selbsthilfeorganisation f\u00fcr eine seltene Erkrankung Kongenitaler  Hyperinsulinismus haben zum wiederholten Mal Andrea Rakers gebeten einen  Workshop w\u00e4hrend unserer Jahrestagung durchzuf\u00fchren. Unsere chronisch  \u00fcberlasteten Eltern hatten die M\u00f6glichkeit im Workshop \u201eZeit f\u00fcr mich\u201c in einer angenehme vertrauensvolle Atmosph\u00e4re  mit kreativen Entspannungstechniken eine Auszeit zu genie\u00dfen und  Anregungen mit nach Hause zu nehmen, wie sie diese in ihren Alltag  integrieren k\u00f6nnen. Im Namen aller Teilnehmer ein gro\u00dfes Dankesch\u00f6n f\u00fcr  die sch\u00f6ne Zeit<\/em><\/p>\n\n\n\n<div style=\"height:30px\" aria-hidden=\"true\" class=\"wp-block-spacer\"><\/div>\n\n\n\n<p class=\"has-text-color\" style=\"color:#e75a2d;font-size:16px\"><strong><em>Christine Fuchs  &#8211; www.labdanum<\/em><\/strong><em><strong>.de<\/strong><\/em><\/p>\n\n\n\n<p class=\"has-small-font-size\"><em>Andrea Rakers Beratungsangebot &#8222;Entladen, Einladen, Aufladen&#8220; durfte ich schon selbst erleben und genie\u00dfen. Und ich war gleich doppelt beeindruckt: Zum einen von der Wirkung und der erreichten Tiefe im Prozess. Zum anderen von der spielerischen Leichtigkeit, mit der sie mich angeleitet und gef\u00fchrt hat. So sch\u00f6n! Und nachhaltig!<\/em><\/p>\n\n\n\n<p class=\"has-small-font-size\"><em>Deswegen m\u00f6chte ich dir ihr wunderbares Angebot hier n\u00e4her bringen und von Herzen empfehlen. Es findet per Zoom statt. Mir pers\u00f6nlich hat nicht eine Sekunde etwas gefehlt, weil wir uns nicht &#8222;in echt&#8220; gegen\u00fcbersa\u00dfen. Im Gegenteil. Es gab Sequenzen, da l\u00e4sst das Zoomen sogar mehr gesch\u00fctzte Intimit\u00e4t und pers\u00f6nlichen Freiraum zu als ich das f\u00fcr m\u00f6glich gehalten h\u00e4tte und als es vielleicht sogar in der pers\u00f6nlichen Begegnung der Fall w\u00e4re.<\/em><\/p>\n\n\n\n<p class=\"has-small-font-size\"><em>Wenn du gerne noch mehr wissen m\u00f6chtest, ob beispielsweise dieser Prozess in der aktuellen Situation, in der du bist, geeignet f\u00fcr dich ist,&nbsp;dann schreibe mich gerne an unter christine[at]labdanum.de. Du bekommst auf deine Fragen gerne&nbsp;meine&nbsp;Antworten als diejeinige, die den Prozess bereits durchlaufen hat.&nbsp;<\/em><\/p>\n\n\n\n<p class=\"has-small-font-size\"><em>Mein Angebot f\u00fcr dich: Wenn du bei Andrea diese Sequenz buchst, erh\u00e4ltst du von mir gratis eine R\u00e4ucherberatung. Ich sage dir, mit welchen R\u00e4ucherstoffen du dich begleiten lassen kannst, welche du sogar selbst sammeln kannst und wie du sie anwendest. Melde dich hierzu gerne bei mir unter christine[at]Labdanum.de, wenn du die erste Einheit bei Andrea gemacht hast.&nbsp;<\/em><\/p>\n\n\n\n<div style=\"height:30px\" aria-hidden=\"true\" class=\"wp-block-spacer\"><\/div>\n\n\n\n<p class=\"has-text-color\" style=\"color:#e75a2d;font-size:16px\"><strong><em>Lasse Scheiba &#8211; Berlin &#8211; Dramaturg und Theaterp\u00e4dagoge am Jungen Deutschen Theater<\/em><\/strong><\/p>\n\n\n\n<p class=\"has-small-font-size\"><em>Andrea  Rakers unterst\u00fctzt seit mehreren Jahren als sozialp\u00e4dagogische  Supervisorin Ferienprogramme des Jungen Deutschen Theaters, die  Jugendliche aus verschiedenen sozialen Lagen zusammenbringen und zum  Kunstmachen anregen. Frau Rakers Expertise  als Diplomp\u00e4dagogin ,Theaterp\u00e4dagogin und Theatertherapeutin, ihre jahrelange  Berufserfahrung in unterschiedlichen sozialp\u00e4dagogischen Bereichen sowie  ihre Empathie und Menschenkenntnis halfen in vielen F\u00e4llen,  Konfliktsituationen zu l\u00f6sen und k\u00fcnstlerisches Arbeiten f\u00fcr alle  Beteiligten zu erm\u00f6glichen. Besonders sch\u00e4tzen wir an Frau Rakers, dass  sie als Beraterin allen Teilnehmenden unserer Programme gleicherma\u00dfen  zur Seite steht und sowohl die K\u00fcnstler*innen, die Jugendlichen als auch  die Leitung in jeden Belangen angemessen  und auf Augenh\u00f6he zu beraten versteht. <\/em><\/p>\n\n\n\n<div style=\"height:30px\" aria-hidden=\"true\" class=\"wp-block-spacer\"><\/div>\n\n\n\n<p class=\"has-text-color\" style=\"color:#e75a2d;font-size:16px\"><strong><em>Dennenesch Zoude &#8211; Berlin &#8211; Schauspielerin &nbsp;<\/em><\/strong><\/p>\n\n\n\n<p class=\"has-small-font-size\"><em>Liebe Andrea<strong>,<\/strong> unsere gemeinsame Zeit in der Theatergruppe des SOS Kinderdorfs Moabit war mir nicht nur eine pers\u00f6nliche gro\u00dfe Freude, sondern auch eine Zeit, die ich nicht missen mag. Deine Kreativit\u00e4t, Deine einf\u00fchlsame Art die M\u00e4dchen da abzuholen ,wo sie an dem Tag gerade waren, &nbsp;sind mir bis heute eine gro\u00dfe Inspiration. 4 Jahre &nbsp;M\u00e4dchen ins Teenager Alter zu begleiten, ihnen Mut und Selbstbewusstsein mitzugeben in einem gesch\u00fctzten Raum war eine der sch\u00f6nsten Geschenke auch f\u00fcr mich. Ich w\u00fcnsche Dir das Beste.Herzlich Dennenes<\/em>ch<\/p>\n\n\n\n<div style=\"height:30px\" aria-hidden=\"true\" class=\"wp-block-spacer\"><\/div>\n\n\n\n<p class=\"has-text-color\" style=\"color:#e75a2d;font-size:16px\"><strong><em>Anna B\u00f6ttcher &#8211; Berlin &#8211; Schauspielerin<\/em><\/strong><\/p>\n\n\n\n<p class=\"has-small-font-size\"> I<em>m  Laufe meines Berufs als Schauspielerin begegnete ich Andrea Rakers in  ihrer theaterp\u00e4dagogischen Arbeit.&nbsp; 2000 begleitete ich ein sehr  spannendes Projekt von ihr. Sie arbeitete mit einer Gruppe  minderj\u00e4hriger M\u00fctter. Die Frauen kamen alle aus sozial schwierigen  Verh\u00e4ltnissen. Es war sch\u00f6n zu sehen, wie Frau Rakers die Phantasie der  Frauen hervorlockte und wie die jungen Frauen aufbl\u00fchten, weil  sie&nbsp;pl\u00f6tzlich Best\u00e4tigung erfuhren. Wie Frau Rakers die Waage gehalten  hat zwischen Forderung und Freiraum, hat mich fasziniert. Die gemeinsam  erarbeitete Auff\u00fchr<\/em>ung war <em>ein gro\u00dfer Erfolg und die jungen Frauen haben  eine unvergessliche Erfahrung gemacht.<br><br> Einige Jahre sp\u00e4ter begleitete ich ein zweites Projekt von Frau Rakers ,  wo Sie mit Kindern&nbsp; aus 11 Nationen im Alter von 8 bis 18 Jahren&nbsp; ein  Bilderbuchtext als St\u00fcck erarbeitete. Es handelte sich um &#8222;Frederick&#8220;  von Leo Lionni. Die schulm\u00fcden Kinder am Nachmittag f\u00fcr die  Theaterarbeit zu begeistern, schien mir fast unm\u00f6glich. Aber mit Geduld,  Phantasie und ansteckender Freude, schaffte sie es auch hier, die  Kinder zu begeistern. Interessant fand ich, dass Sie die offizielle  &#8222;Hauptrolle&#8220; dem j\u00fcngsten M\u00e4dche<\/em>n <em>gab, das eher sch\u00fcchtern war, das dann  aber w\u00e4hrend der Arbeit mehr und mehr aufbl\u00fchte und die Schauspielerei  f\u00fcr sich entdeckte. Da dieses Projekt im Rahmen von SOS Kinderdorf  stattfand, ergab sich die M\u00f6glichkeit vor dem damaligen  Bundespr\u00e4sidenten K\u00f6hler zu spielen. Die Aufregung der Kinder war  grenzenlos. Auch in dieser aufgeregten Situation erwies sich Frau Rakers  als besonnene P\u00e4dagogin. Sie schaffte es, die Kinder zu beruhigen und  sich auf ihre Aufgabe zu konzentrieren. Was dann auch mit go\u00dfen Erfolg  gelang.&nbsp;Herr K\u00f6hler und seine Frau waren sichtlich ger\u00fchrt.<\/em> <\/p>\n\n\n\n<div style=\"height:30px\" aria-hidden=\"true\" class=\"wp-block-spacer\"><\/div>\n\n\n\n<p class=\"has-text-color\" style=\"color:#e75a2d;font-size:16px\"><em><strong>Sandra Anklam &#8211;  Essen &#8211;  Leitung des Fachbereiches Theater in der Akademie der kulturellen Bildung NRW &#8211; Autorin &#8211; Regisseurin &#8211; Referentin &#8211; Supervisiorin<\/strong> <\/em><\/p>\n\n\n\n<p class=\"has-small-font-size\"> I<em>ch arbeite seit \u00fcber einem Jahrzehnt immer wieder gerne mit Andrea  zusammen und sch\u00e4tze sie als eine kompetente, inspirierende und  warmherzige Kollegin. Ihre gleicherma\u00dfen feinf\u00fchlige wie begeisternde  Art nimmt nicht nur mich, sondern die Teilnehmenden in diversen Fort-  und Weiterbildungen immer wieder mit auf neue Entdeckungsreisen. Ich  sch\u00e4tze besonders ihre Prozess- und Analysekompetenz: Andrea hat sowohl  die Einzelne, als auch die Gesamtgruppe im Auge und nutzt diesen klaren  Blick mit ihrer methodischen Vielfalt, um immer wieder neu  anschlussf\u00e4hige Angebote und Interventiionen gerade f\u00fcr sehr diverse  Gruppen anzubieten. Dar\u00fcber hinaus genie\u00dfe ich die Arbeit im Team mit  Andrea besonders &#8211; sie versteht es wie keine zweite, die Dynamik im  Leitungsteam wertsch\u00e4tzend zu erkennen, gemeinsam Erfolge zu feiern und  Stolpersteine zu benennen. F\u00fcr mich ist jede Fortbildung, die ich mit  Andrea anbieten darf immer ein gro\u00dfes Lernfeld, indem wir uns durch  kollegiale Beratung stets weiterentwickeln. Danke daf\u00fcr, liebe Andrea! <\/em> <\/p>\n\n\n\n<div style=\"height:30px\" aria-hidden=\"true\" class=\"wp-block-spacer\"><\/div>\n\n\n\n<p class=\"has-text-color\" style=\"color:#e75a2d;font-size:16px\"><strong><em>Veronika &#8211; 30 Jahre &#8211; Berlin &#8211; Sozialarbeiterin &#8211; 2021<\/em><\/strong><\/p>\n\n\n\n<p class=\"has-small-font-size\"> <em>Der Prozess &#8222;Check Up f\u00fcr mein Leben&#8220; kam f\u00fcr mich genau zu der richtigen Zeit. Ich stellte mir gro\u00dfe Lebensfragen und suchte Begleitung in verschiedenen Themenbereichen (Arbeitsperspektive, biographische Aufarbeitung, Lebensf\u00fchrung, Zukunftsvision..). Der Prozess mit Andrea half mir mich auf das zu besinnen, was mir wirklich wichtig ist und Ver\u00e4nderungen zuversichtlich und geduldig entgegen zu blicken. Andreas l\u00f6sungsorientierte und systemische Fragen in Verbindung mit ihrer wertsch\u00e4tzenden und einf\u00fchlsamen Art haben eine wertvolle Auseinandersetzung mit mir selbst angeregt, durch die ich mehr Klarheit gewonnen habe und die mich sehr gepr\u00e4gt hat. Auch nach mehreren Monaten ziehe ich weiterhin Kraft aus dem Prozess.&nbsp;<\/em> <\/p>\n\n\n\n<div style=\"height:30px\" aria-hidden=\"true\" class=\"wp-block-spacer\"><\/div>\n\n\n\n<p class=\"has-text-color\" id=\"anna-von-schrottenberg-39-jahre-schweiz-berlin-theaterpadagogin-2021\" style=\"color:#e75a2d;font-size:16px\"><em><strong>Anna von Schrottenberg &#8211; 39 Jahre &#8211; Schweiz &#8211; Berlin &#8211; Theaterp\u00e4dagogin<\/strong>  &#8211; <strong>2021<\/strong><\/em><\/p>\n\n\n\n<p class=\"has-small-font-size\"><em>Ich begann mit dem ersten Termin bei \u00abCheck \u2013 up f\u00fcr mein Leben\u00bb in einer f\u00fcr mich sehr unklaren Lebenssituation, in der ich viel gehadert habe. Nach sieben Terminen stehe jetzt total klar in einem Leben und wei\u00df wieder, was mir wichtig ist. Es ist wie, wenn wir bei diesen sieben Terminen Wissen freigelegt h\u00e4tten, welches ich schon in mir hatte, aber den Zugang vergessen hatte. <\/em><\/p>\n\n\n\n<p class=\"has-small-font-size\"><em>Andrea stellte in der ersten Stunde eine inhaltliche und zeitliche Struktur f\u00fcr die Beratung vor. Im Laufe der Beratung erwies sich diese Struktur immer wieder als klar und haltgebend. Gleichzeitig ging Andrea aber auch immer sehr auf mich und meine oben aufliegenden Themen ein. Ich hatte nie das Gef\u00fchl, ich m\u00fcssen mich an die Struktur oder an die Themen anpassen, dennoch waren die sieben Themen eine enorme Inspiration und auf vielen Ebenen kl\u00e4rende Wegweiser. Andrea erkannte oft mit unglaublichem Feingef\u00fchl wo ich stand und half mir mit liebevollen Fragen, wieder selbst zu Klarheit und Selbstakzeptanz zu gelangen.<\/em><\/p>\n\n\n\n<p class=\"has-small-font-size\">J<em>edes Thema war begleitet von einem Gedicht, das den Prozess nochmal auf eine andere Stufe gehoben hat, wie \u00abich bin nicht allein mit dem Thema\u00bb. Zwischen den Terminen gab es auch Hausaufgaben, die ich mir selber aussuchen konnte und Dinge die ich gerne mache, z.B. ein Bad nehmen, zu Musik tanzen. Insgesamt hat der Prozess eine tiefe und wichtige Selbsterkenntnis in mir hinterlassen.<\/em><\/p>\n\n\n\n<div style=\"height:30px\" aria-hidden=\"true\" class=\"wp-block-spacer\"><\/div>\n\n\n\n<p class=\"has-text-color\" style=\"color:#e75a2d;font-size:16px\"><strong><em>Annette &#8211; 52 Jahre &#8211; Erzieherin &#8211; Norddeutschland &#8211; 2020<\/em><\/strong><\/p>\n\n\n\n<p class=\"has-small-font-size\">\u201eH<em>itzefrei, der Name der Fobi ist Programm. Das Thema ist gut durchdacht und klasse umgesetzt. Die Fobi macht Lust sich noch intensiver mit dem Thema auseinanderzusetzen. So klappt das \u00e4lter werden im Beruf mit Kindern und Jugendlichen. Ich freue mich auf eine Fortsetzung.<\/em><\/p>\n\n\n\n<div style=\"height:30px\" aria-hidden=\"true\" class=\"wp-block-spacer\"><\/div>\n\n\n\n<p class=\"has-text-color\" style=\"color:#e75a2d;font-size:16px\"><em><strong>Anka Bungert &#8211; 54 Jahre &#8211; Aschaffenburg &#8211;  M.A.  Sozialarbeiterin <\/strong> <strong>&#8211; 2019<\/strong><\/em><\/p>\n\n\n\n<p class=\"has-small-font-size\"> <em>Schon zum dritten Mal habe ich ein Seminar mit Andrea Rakers besucht und das  ganz bewusst. Ihre Seminare sind weniger theoretisch,  man n\u00e4hert sich den Themen mit kreativen Methoden, unter anderem durch  Achtsamkeits- oder K\u00f6rper\u00fcbungen. Sie gibt gro\u00dfen Frei- und Spielraum  f\u00fcr das (gefahrlose) Ausprobieren neuer Ideen, die, je nach Thema und  pers\u00f6nlichem Einsatz, auch sehr k\u00fcnstlerisch  werden k\u00f6nnen und manchmal zu \u00fcberraschenden L\u00f6sungen f\u00fchren.Frau  Rakers\u2018 hohes fachliches K\u00f6nnen, ihre Pr\u00e4senz, die jedoch nie  \u00fcbergriffig oder bestimmend ist sowie ihr schier unersch\u00f6pflicher  \u201eMethodenkoffer\u201c machen die Seminare zu Highlights! Feedback zu:   Hitzefrei \u2013 vom \u00c4lterwerden in der sozialen Arbeit\u201c im Juni 2019 in Eisenach. <\/em> <\/p>\n\n\n\n<div style=\"height:30px\" aria-hidden=\"true\" class=\"wp-block-spacer\"><\/div>\n\n\n\n<p class=\"has-text-color\" style=\"color:#e75a2d;font-size:16px\"><em><strong>Veronika &#8211; 27 Jahre &#8211; Berlin &#8211; Sozialarbeiterin<\/strong>&#8211;<strong> 2019<\/strong><\/em><\/p>\n\n\n\n<p class=\"has-small-font-size\"><em>Andrea Rakers begleitete, coachte und beriet mich anderthalb Jahre als junge  Koordinatorin im Bereich der station\u00e4ren Hilfen zur Erziehung mit  haupts\u00e4chlich gefl\u00fcchteten jungen Menschen. Durch ihre einf\u00fchlsame Art  und ihr Verst\u00e4ndnis von komplexen Zusammenh\u00e4ngen und  Fragestellungen, verstand sie es wunderbar Anregungen zu geben und in  schwierigen Situationen zu Klarheit zu verhelfen. Durch ihren scharfen  Blick f\u00fcr verschiedene Ebenen und Anforderungen, ihre sp\u00fcrbare Freude an  der Begleitung und ihre enorme Wertsch\u00e4tzung  bei gleichzeitiger Gabe auf erfrischend ehrliche Weise zu  konfrontieren, bin ich stets gest\u00e4rkt, mit hilfreichen Ideen und neuer  Energie aus unseren Treffen heraus gegangen. Die regelm\u00e4\u00dfigen Treffen  mit  Andrea stellten eine Art  Oase f\u00fcr mich dar, so dass ich  in gesch\u00fctztem und vertrautem Rahmen sowohl meine p\u00e4dagogische Haltung  als auch meinen F\u00fchrungsstil weiterentwickeln konnte. Vielen herzlichen  Dank <\/em>Andrea.<\/p>\n\n\n\n<div style=\"height:30px\" aria-hidden=\"true\" class=\"wp-block-spacer\"><\/div>\n\n\n\n<p class=\"has-text-color\" style=\"color:#e75a2d;font-size:16px\"><strong><em> Helena  &#8211; Berlin &#8211;  30 Jahre &#8211; Lehrerin  &#8211; 2019<\/em><\/strong><\/p>\n\n\n\n<p class=\"has-small-font-size\"><em>Ich  ging noch zur Schule, als ich  Andrea Rakers  kennengelernt habe und habe damals  einen Theater- Workshop bei ihr gemacht, den ich als sehr liebevoll und  pers\u00f6nlich in Erinnerung habe. Seitdem steht sie mir nun seit \u00fcber 12  Jahren immer wieder als Beraterin zur Seite und hat mich auf dem  manchmal m\u00fchsamen Weg des Erwachsenwerdens mit ihrer wohltuenden W\u00e4rme,  ihrem lustigen Humor, ihrer einladenden Offenheit und ihrer sp\u00fcrbaren  Pr\u00e4senz begleitet und gepr\u00e4gt.  <\/em><\/p>\n\n\n\n<div style=\"height:30px\" aria-hidden=\"true\" class=\"wp-block-spacer\"><\/div>\n\n\n\n<p class=\"has-text-color\" style=\"color:#e75a2d;font-size:16px\"><strong><em>Myriam &#8211; 38 Jahre  &#8211; Veranstaltungstechnikerin &#8211; Berlin &#8211; 2018<\/em><\/strong><\/p>\n\n\n\n<p class=\"has-small-font-size\"> <em>Andrea Rakers hat es in ihren Kursen stets geschafft auf die verschiedenen W\u00fcnsche und Bed\u00fcrfnisse der Teilnehmerinnen einzugehen und uns auf eine Reise fern vom Alltag mit zu nehmen. Dabei haben wir uns mit sehr abwechslungsreichen \u00dcbungen kreativ ausleben und ausprobieren k\u00f6nnen und nicht nur viel gelacht, sondern auch viel \u00fcber uns selbst gelernt!<br>Ich hoffe dass die &#8222;Zeit f\u00fcr mich&#8220; Kurse in Zukunft weiter statt finden, denn ich freue mich immer schon die ganze Woche darauf.<\/em> <\/p>\n\n\n\n<div style=\"height:30px\" aria-hidden=\"true\" class=\"wp-block-spacer\"><\/div>\n\n\n\n<p class=\"has-text-color\" style=\"color:#e75a2d;font-size:16px\"><strong><em>Anna &#8211; 37 Jahre &#8211; Berlin &#8211; Yogalehrerin &#8211; 2018<\/em><\/strong><\/p>\n\n\n\n<p class=\"has-small-font-size\"> <em>Die Selbstf\u00fcrsorge-Frauengruppe, die Andrea immer sehr professionell und  liebevoll leitet, ist wirklich etwas Besonderes: Lachen, Singen,  Tanzen, Sich-Austauschen, Malen, der Kreativit\u00e4t freien Lauf geben und  einfach sein oder auch neu erfahren, wie man wirklich ist. <\/em> <\/p>\n\n\n\n<div style=\"height:30px\" aria-hidden=\"true\" class=\"wp-block-spacer\"><\/div>\n\n\n\n<p class=\"has-text-color has-normal-font-size\" style=\"color:#e75a2d\"><strong><em>Mildred &#8211; 40 Jahre &#8211; Berlin &#8211; Chile &#8211; Architektin &#8211; 2018<\/em><\/strong><\/p>\n\n\n\n<p class=\"has-small-font-size\"><em>Durch die Workshops und das Coaching von Andrea, habe ich eine gro\u00dfe Hilfe und Unterst\u00fctzung erfahren.Bei ihr f\u00fchlte ich mich sofort wohl und gut aufgehoben, nicht nur weil sie eine kompetente Ansprechpartnerin ist, sondern weil sie immer ein offenes Ohr und vorbehaltslose Meinung hat.<\/em> <\/p>\n\n\n\n<div style=\"height:30px\" aria-hidden=\"true\" class=\"wp-block-spacer\"><\/div>\n\n\n\n<p class=\"has-text-color\" style=\"color:#e75a2d;font-size:16px\"><strong><em>Daniela- 40 Jahre &#8211; Berlin &#8211; Arzthelferin &#8211; 2018<\/em><\/strong><\/p>\n\n\n\n<p class=\"has-small-font-size\"><em>Ich bin eine allein erziehende Mutter und Vor circa 4-5 Jahren bin ich durch gl\u00fccklichen Zufall an Frau Andrea Rakers gelangt.<br> Ich habe eine tolle Beratung  genossen. Sie  gab und gibt mir tolle Tipps f\u00fcr die Lebensgestaltung , auch alleine mit  einem Kind und half mir in vielen Dingen mir Wege zu \u00f6ffnen meine  pers\u00f6nlichen St\u00e4rken wieder heraus zu holen. Aus einem kleinen  \u201ever\u00e4ngstigten hilflosen Kind\u201c( ich )&nbsp; ist wieder eine selbstbewusste  Frau geworden.<br>Noch heute kann ich mich bei Fragen an Sie wenden und sie hat immer eine tolle Idee wie es wieder vorangeht. <br>Eine solch liebevolle Beratung habe ich so woanders noch nicht erfahren. <br><\/em><\/p>\n\n\n\n<div style=\"height:30px\" aria-hidden=\"true\" class=\"wp-block-spacer\"><\/div>\n\n\n\n<p class=\"has-text-color\" style=\"color:#e75a2d;font-size:16px\"><em><strong>Amy &#8211;  aus England &#8211; 44 Jahre &#8211;  EFL-Lehrerin und  Integrationsberaterin<\/strong>&#8211; <strong>2018<\/strong><\/em><\/p>\n\n\n\n<p class=\"has-small-font-size\"><em>Ich habe an Andreas &#8218;Zeit f\u00fcr Dich&#8216; Workshop teilgenommen und ich kann sie nur w\u00e4rmstens empfehlen. Andrea  hat eine sch\u00f6ne Mischung aus Herzlichkeit und Professionalit\u00e4t, die der  Gruppe geholfen haben, schnell eine vertrauensvolle und zugleich kreative Dynamik zu entwickeln. Andrea begann jede Gruppe mit der  Frage, was wir in der Sitzung brauchten. Und trotz sehr  unterschiedlicher W\u00fcnsche bekam jede immer das, was sie brauchte. Ich  ging jedes Mal gen\u00e4hrt und bereichert. Ich freue mich auf den n\u00e4chsten Kurs! Vielen Dan<\/em>k, Andrea!  <\/p>\n\n\n\n<div style=\"height:30px\" aria-hidden=\"true\" class=\"wp-block-spacer\"><\/div>\n\n\n\n<p class=\"has-text-color\" style=\"color:#e75a2d;font-size:16px\"><em><strong>Daria &#8211;  aus der Ukraine &#8211; 36 Jahre &#8211; Kreativkursleiterin<\/strong>&#8211;<strong> 2018<\/strong><\/em><\/p>\n\n\n\n<p class=\"has-small-font-size\"> <em>Bei Workshops mit Andrea habe ich meinen Stress verarbeitet,&nbsp; mit anderen Teilnehmerinnen geteilt; * mich als Teil des Ganzen gef\u00fchlt;* mein kreatives Teil rausgeholt und habe es sehr genossen;* die Freude am Theaterspielen entdeckt und hatte einfach viel Spa\u00df! Die  Zeit bei diesen Workshops ist die Zeit der Verbindung mit mir selbst,  die Zeit des Eintauchens in meine Gedanken und W\u00fcnsche, die Zeit der  Stille ohne die Anforderungen, die Zeit der Kreation. Danke, liebe  Andrea!&#8220;<\/em><\/p>\n\n\n\n<div style=\"height:60px\" aria-hidden=\"true\" class=\"wp-block-spacer\"><\/div>\n\n\n\n<p class=\"has-small-font-size\"><em>Bildquelle: Michael Block by pexels<\/em><\/p>\n","protected":false},"excerpt":{"rendered":"<p>Vielen Dank f\u00fcr die wertsch\u00e4tzenden R\u00fcckmeldungen von Auftraggeber_innen, Kolleg_innen und Teilnehmer_innen meiner Angebote. Hier eine kleine Auswahl&#8230; Svenja Schophaus &#8211; Hannover &#8211; Gesch\u00e4ftsstellenleiterin Nieders\u00e4chsische Krebsgesellschaft e.V. Frau Rakers bot f\u00fcr die Nieders\u00e4chsische Krebsgesellschaft in Cloppenburg zwei Wochenend-Seminare f\u00fcr Krebsbetroffene an. Unter den Themen \u201eLebensfreude \u2013 Lebenskraft\u201c und \u201eDen eigenen Weg finden\u201c begleitet sie die Teilnehmenden &hellip; <a href=\"https:\/\/www.andrea-rakers.de\/?page_id=212\" class=\"more-link\"><span class=\"screen-reader-text\">Referenzen<\/span> weiterlesen<\/a><\/p>\n","protected":false},"author":1,"featured_media":1195,"parent":0,"menu_order":0,"comment_status":"closed","ping_status":"closed","template":"templates\/full-width-page.php","meta":{"footnotes":""},"class_list":["post-212","page","type-page","status-publish","has-post-thumbnail","hentry"],"_links":{"self":[{"href":"https:\/\/www.andrea-rakers.de\/index.php?rest_route=\/wp\/v2\/pages\/212","targetHints":{"allow":["GET"]}}],"collection":[{"href":"https:\/\/www.andrea-rakers.de\/index.php?rest_route=\/wp\/v2\/pages"}],"about":[{"href":"https:\/\/www.andrea-rakers.de\/index.php?rest_route=\/wp\/v2\/types\/page"}],"author":[{"embeddable":true,"href":"https:\/\/www.andrea-rakers.de\/index.php?rest_route=\/wp\/v2\/users\/1"}],"replies":[{"embeddable":true,"href":"https:\/\/www.andrea-rakers.de\/index.php?rest_route=%2Fwp%2Fv2%2Fcomments&post=212"}],"version-history":[{"count":3,"href":"https:\/\/www.andrea-rakers.de\/index.php?rest_route=\/wp\/v2\/pages\/212\/revisions"}],"predecessor-version":[{"id":1300,"href":"https:\/\/www.andrea-rakers.de\/index.php?rest_route=\/wp\/v2\/pages\/212\/revisions\/1300"}],"wp:featuredmedia":[{"embeddable":true,"href":"https:\/\/www.andrea-rakers.de\/index.php?rest_route=\/wp\/v2\/media\/1195"}],"wp:attachment":[{"href":"https:\/\/www.andrea-rakers.de\/index.php?rest_route=%2Fwp%2Fv2%2Fmedia&parent=212"}],"curies":[{"name":"wp","href":"https:\/\/api.w.org\/{rel}","templated":true}]}}