{"id":167,"date":"2019-01-20T17:31:49","date_gmt":"2019-01-20T15:31:49","guid":{"rendered":"https:\/\/siebenraum.wordpress.com\/?page_id=167"},"modified":"2022-11-29T14:54:05","modified_gmt":"2022-11-29T13:54:05","slug":"angebote","status":"publish","type":"page","link":"https:\/\/www.andrea-rakers.de\/?page_id=167","title":{"rendered":"Kurse"},"content":{"rendered":"\n<p><\/p>\n\n\n\n<p class=\"has-medium-font-size\"><strong><span class=\"uppercase\"><em>\u201eDie Quelle alles Guten liegt im Spiel\u201c <\/em><\/span><\/strong><\/p>\n\n\n\n<p class=\"has-small-font-size\"><em>Fr\u00f6bel<\/em><\/p>\n\n\n\n<div style=\"height:30px\" aria-hidden=\"true\" class=\"wp-block-spacer\"><\/div>\n\n\n\n<p style=\"font-size:16px\">Durch k\u00f6rperliche Bewegung,  Wahrnehmungs- und Achtsamkeits\u00fcbungen, spielerisches Handeln und Ausprobieren verschiedener Rollen, durch das gemeinsame Reflektieren und Betrachten entsteht eine neue, wertvolle Erfahrung. <\/p>\n\n\n\n<div style=\"height:15px\" aria-hidden=\"true\" class=\"wp-block-spacer\"><\/div>\n\n\n\n<p class=\"has-text-color has-medium-font-size\" id=\"eine-auswahl-der-aktuellen-themen\" style=\"color:#e75a2d\"><strong><mark style=\"background-color:rgba(0,0,0,0);color:#bc360a;\" class=\"has-inline-color\">Eine Auswahl der aktuellen Themen<\/mark><\/strong><\/p>\n\n\n\n<p class=\"has-red-color has-text-color\" style=\"font-size:18px\"><strong><em> <span class=\"uppercase\">\u201eZeit f\u00fcr mich<\/span>&#8222;<\/em><\/strong><\/p>\n\n\n\n<p style=\"font-size:16px\">Ein Kurs f\u00fcr Frauen in verschiedenen Lebensphasen, die sich spielerisch vom Alltag erholen und f\u00fcr den Alltag st\u00e4rken m\u00f6chten.<\/p>\n\n\n\n<p style=\"font-size:16px\">In diesem Kurs geht es darum, einmal ganz gezielt die eigene Regenerationszeit zu betrachten, kreative Techniken der Entspannung und der Selbstf\u00fcrsorge zu sammeln und auszuprobieren.<\/p>\n\n\n\n<p style=\"font-size:16px\"><em>Wochenendkurs<\/em><\/p>\n\n\n\n<div style=\"height:31px\" aria-hidden=\"true\" class=\"wp-block-spacer\"><\/div>\n\n\n\n<p class=\"has-red-color has-text-color\" style=\"font-size:18px\"><strong><span class=\"uppercase\"><em>\u201eHier stehe ich!\u201c &#8211;  Kurs zur Selbstst\u00e4rkung<\/em><\/span><\/strong><\/p>\n\n\n\n<p style=\"font-size:16px\">Dieser Kurs ist besonders geeignet f\u00fcr Menschen, die sich einmal neu ausprobieren m\u00f6chten. Ob sch\u00fcchtern oder zur\u00fcckhaltend, dieser Kurs unterst\u00fctzt darin, neue Haltungen, Gesten, Rollen auszuprobieren und bei Gefallen in den Alltag zu \u00fcbertragen.&nbsp;<\/p>\n\n\n\n<p style=\"font-size:16px\"><em>6 Termine oder Intensivkurs am Wochenende<\/em><\/p>\n\n\n\n<div style=\"height:30px\" aria-hidden=\"true\" class=\"wp-block-spacer\"><\/div>\n\n\n\n<p class=\"has-red-color has-text-color\" style=\"font-size:18px\"><strong><span class=\"uppercase\"><em>\u201eStresstheater\u201c <\/em><\/span><\/strong><\/p>\n\n\n\n<p style=\"font-size:16px\">Theaterspielen gegen Stress f\u00fcr alle, f\u00fcr die Stress ein Thema ist und die sich einmal spielerisch mit diesem Thema besch\u00e4ftigen m\u00f6chten.<br>Theatervorerfahrungen sind absolut nicht notwendig! <\/p>\n\n\n\n<p style=\"font-size:16px\"><em>4 Termine oder Intensivkurs am Wochenende<\/em><\/p>\n\n\n\n<div style=\"height:30px\" aria-hidden=\"true\" class=\"wp-block-spacer\"><\/div>\n\n\n\n<p class=\"has-red-color has-text-color\" style=\"font-size:18px\"><strong><span class=\"uppercase\"><em>\u201eGeschichten, die das Leben schreibt\u201c  &#8211;  ein ressourcenorientierter Blick auf die eigene Geschichte<\/em><\/span><\/strong><\/p>\n\n\n\n<p style=\"font-size:16px\">Die eigenen Geschichten erz\u00e4hlen, schreiben, szenisch darstellen, weiterentwickeln, ver\u00e4ndern, neue Perspektiven erfahren. Dieser&nbsp;Kurs richtet sich an Menschen, die Lust haben in einem intensiven Gruppenprozess die eigene Lebenslinie zu betrachten und zu gestalten.<\/p>\n\n\n\n<p style=\"font-size:16px\"><em>Intensivkurs&nbsp;&#8211; zwei Tage<\/em><\/p>\n\n\n\n<div style=\"height:30px\" aria-hidden=\"true\" class=\"wp-block-spacer\"><\/div>\n\n\n\n<p style=\"font-size:18px\"><strong><span class=\"uppercase\"><em>\u201e<\/em><\/span><em>Neue Kraft sch\u00f6pfen&#8220; &#8211; Workshop f\u00fcr Eltern<\/em><\/strong><\/p>\n\n\n\n<p style=\"font-size:16px\">Eltern mit einem besonderen Kind (z.B. wenn es eine seltene Erkrankung hat) haben in ihrem Umfeld oft wenig Gelegenheit sich \u00fcber die Dinge auszutauschen, die ihnen wichtig sind.<\/p>\n\n\n\n<p style=\"font-size:16px\">In diesem moderierten Kurs schaffen wir einen Rahmen, in dem<\/p>\n\n\n\n<ul class=\"wp-block-list\">\n<li>Erfahrungen ausgetauscht werden<\/li>\n\n\n\n<li>Sch\u00f6nes und Schweres aus dem Alltag (mit)geteilt wird<\/li>\n\n\n\n<li>spielerisch Ressourcen gest\u00e4rkt werden<\/li>\n<\/ul>\n\n\n\n<p style=\"font-size:16px\"><em>Je nach Gruppenkonstellation Intensivkurs oder 10 Termine 14-t\u00e4gig<\/em><\/p>\n\n\n\n<div style=\"height:30px\" aria-hidden=\"true\" class=\"wp-block-spacer\"><\/div>\n\n\n\n<p class=\"has-red-color has-text-color\" style=\"font-size:18px\"><strong><span class=\"uppercase\"><em>Therapeutisches Theater<\/em><\/span><span class=\"uppercase\"><\/span><\/strong><\/p>\n\n\n\n<p style=\"font-size:16px\">Das Theaterspiel ist ein wunderbares <strong>Instrument der Selbsterkenntnis,<\/strong> das uns unterst\u00fctzt, zu erkennen, was uns bewegt. Wir spielen verschiedene Rollen, probieren dadurch andere Handlungsm\u00f6glichkeiten aus und die Distanz der Rolle erlaubt uns Seiten an uns zu leben, die wir vormals unterdr\u00fcckt oder bestritten haben.<\/p>\n\n\n\n<p style=\"font-size:16px\">Geeignet f\u00fcr verschiedene Zielgruppen, die sich auf eine intensive Gruppen- und Selbsterfahrung einlassen m\u00f6chten.<\/p>\n\n\n\n<p style=\"font-size:16px\"><em>10 Termine 14-t\u00e4gig \u00e1 3 Stunden<\/em><\/p>\n\n\n\n<p><\/p>\n\n\n\n<div style=\"height:60px\" aria-hidden=\"true\" class=\"wp-block-spacer\"><\/div>\n\n\n\n<p class=\"has-small-font-size\"><em>Bildquelle: Max Ravier by pexels<\/em><\/p>\n","protected":false},"excerpt":{"rendered":"<p>\u201eDie Quelle alles Guten liegt im Spiel\u201c Fr\u00f6bel Durch k\u00f6rperliche Bewegung, Wahrnehmungs- und Achtsamkeits\u00fcbungen, spielerisches Handeln und Ausprobieren verschiedener Rollen, durch das gemeinsame Reflektieren und Betrachten entsteht eine neue, wertvolle Erfahrung. Eine Auswahl der aktuellen Themen \u201eZeit f\u00fcr mich&#8222; Ein Kurs f\u00fcr Frauen in verschiedenen Lebensphasen, die sich spielerisch vom Alltag erholen und f\u00fcr den &hellip; <a href=\"https:\/\/www.andrea-rakers.de\/?page_id=167\" class=\"more-link\"><span class=\"screen-reader-text\">Kurse<\/span> weiterlesen<\/a><\/p>\n","protected":false},"author":1,"featured_media":1184,"parent":0,"menu_order":0,"comment_status":"closed","ping_status":"closed","template":"templates\/full-width-page.php","meta":{"footnotes":""},"class_list":["post-167","page","type-page","status-publish","has-post-thumbnail","hentry"],"_links":{"self":[{"href":"https:\/\/www.andrea-rakers.de\/index.php?rest_route=\/wp\/v2\/pages\/167","targetHints":{"allow":["GET"]}}],"collection":[{"href":"https:\/\/www.andrea-rakers.de\/index.php?rest_route=\/wp\/v2\/pages"}],"about":[{"href":"https:\/\/www.andrea-rakers.de\/index.php?rest_route=\/wp\/v2\/types\/page"}],"author":[{"embeddable":true,"href":"https:\/\/www.andrea-rakers.de\/index.php?rest_route=\/wp\/v2\/users\/1"}],"replies":[{"embeddable":true,"href":"https:\/\/www.andrea-rakers.de\/index.php?rest_route=%2Fwp%2Fv2%2Fcomments&post=167"}],"version-history":[{"count":2,"href":"https:\/\/www.andrea-rakers.de\/index.php?rest_route=\/wp\/v2\/pages\/167\/revisions"}],"predecessor-version":[{"id":1185,"href":"https:\/\/www.andrea-rakers.de\/index.php?rest_route=\/wp\/v2\/pages\/167\/revisions\/1185"}],"wp:featuredmedia":[{"embeddable":true,"href":"https:\/\/www.andrea-rakers.de\/index.php?rest_route=\/wp\/v2\/media\/1184"}],"wp:attachment":[{"href":"https:\/\/www.andrea-rakers.de\/index.php?rest_route=%2Fwp%2Fv2%2Fmedia&parent=167"}],"curies":[{"name":"wp","href":"https:\/\/api.w.org\/{rel}","templated":true}]}}