{"id":123,"date":"2019-01-16T19:09:42","date_gmt":"2019-01-16T17:09:42","guid":{"rendered":"https:\/\/siebenraum.wordpress.com\/?page_id=123"},"modified":"2022-11-29T15:00:50","modified_gmt":"2022-11-29T14:00:50","slug":"uber-siebenraum","status":"publish","type":"page","link":"https:\/\/www.andrea-rakers.de\/?page_id=123","title":{"rendered":"Wissenswertes"},"content":{"rendered":"\n<p><\/p>\n\n\n\n<p class=\"has-text-color has-medium-font-size\" id=\"orte\" style=\"color:#e75a2d\"><strong><span class=\"uppercase\"><span class=\"has-inline-color has-light-orange-color\">Orte<\/span><\/span><\/strong><\/p>\n\n\n\n<p style=\"font-size:16px\"><strong>Online Angebote<\/strong> sind inzwischen etabliert und es gibt diverse Vorteile. Die Anreisezeiten entfallen, weiter ist es f\u00fcr viele Menschen einfacher sich auf einen Prozess einzulassen, wenn dieser in ihren vertrauten R\u00e4umem stattfindet. <\/p>\n\n\n\n<p style=\"font-size:16px\">Wer jedoch<strong> lieber den direkten Kontakt w\u00fcnscht<\/strong> findet mich in Lingen\/Ems. <\/p>\n\n\n\n<p style=\"font-size:16px\">Gerne stelle ich f\u00fcr die Intensivprozesse auch eine komplette Auszeit zusammen. Lingen liegt idyllisch im Emsland, eignet sich hervorragend f\u00fcr ausgedehnte Radtouren, Spazierg\u00e4nge, Kanufahrten und hat auch kulinarisch, wie kulturell etwas zu bieten. Bitte sprechen Sie mich an, je nach Bedarf erstelle ich ein passgenaues Angebot f\u00fcr Ihren\/ deinen Prozess.<\/p>\n\n\n\n<p style=\"font-size:18px\"><strong>Andere Orte <\/strong><\/p>\n\n\n\n<p style=\"font-size:16px\">Ansonsten habe ich 35 Jahre in Berlin gelebt und freue mich \u00fcber jede M\u00f6glichkeit nach Berlin zu reisen und dort zu arbeiten. Sehr gerne reise ich jedoch auch wieder an einen anderen Ort Ihrer Wahl f\u00fcr Kurse, Workshops, Fortbildungen oder Kompaktprozesse (<em>Check up oder Entladen- Einladen- Aufladen)<\/em>.<\/p>\n\n\n\n<div style=\"height:30px\" aria-hidden=\"true\" class=\"wp-block-spacer\"><\/div>\n\n\n\n<p class=\"has-text-color has-medium-font-size\" id=\"meine-formate\" style=\"color:#e75a2d\"><strong>Meine Formate<\/strong><\/p>\n\n\n\n<p style=\"font-size:16px\">sind vielf\u00e4ltig. Sie reichen von 60 Minuten Kurzzeitcoaching bis zu einer Woche Intensivworkshop. Bitte schreiben Sie mich an und wir \u00fcberlegen gemeinsam, welches Format f\u00fcr Ihr Thema passt.<\/p>\n\n\n\n<div style=\"height:30px\" aria-hidden=\"true\" class=\"wp-block-spacer\"><\/div>\n\n\n\n<p class=\"has-text-color has-medium-font-size\" id=\"extras\" style=\"color:#e75a2d\"><strong>Extras<\/strong><\/p>\n\n\n\n<p style=\"font-size:16px\"><em>Falls Sie einen besonderen Wunsch oder ein Thema haben, zu dem Sie mit einer Gruppe arbeiten m\u00f6chten, stelle ich Ihnen sehr gerne auch einen Kurs zusammen. Anreise und \u00dcbernachtungskosten berechne ich extra.<\/em><\/p>\n\n\n\n<p style=\"font-size:16px\">Auf Wunsch stelle ich Geschenkegutscheine f\u00fcr meine Kurse und Beratungen aus.<\/p>\n\n\n\n<div style=\"height:30px\" aria-hidden=\"true\" class=\"wp-block-spacer\"><\/div>\n\n\n\n<p><strong>Wichtige Information:<\/strong> Die Kurse und Beratungen erse<em>tzen keine therapeutische Intervention!<\/em><\/p>\n\n\n\n<div style=\"height:30px\" aria-hidden=\"true\" class=\"wp-block-spacer\"><\/div>\n\n\n\n<div style=\"height:60px\" aria-hidden=\"true\" class=\"wp-block-spacer\"><\/div>\n\n\n\n<p class=\"has-small-font-size\"><em>Bildquelle: Pok Rie by pexels<\/em><\/p>\n\n\n\n<p><\/p>\n","protected":false},"excerpt":{"rendered":"<p>Orte Online Angebote sind inzwischen etabliert und es gibt diverse Vorteile. Die Anreisezeiten entfallen, weiter ist es f\u00fcr viele Menschen einfacher sich auf einen Prozess einzulassen, wenn dieser in ihren vertrauten R\u00e4umem stattfindet. Wer jedoch lieber den direkten Kontakt w\u00fcnscht findet mich in Lingen\/Ems. Gerne stelle ich f\u00fcr die Intensivprozesse auch eine komplette Auszeit zusammen. &hellip; <a href=\"https:\/\/www.andrea-rakers.de\/?page_id=123\" class=\"more-link\"><span class=\"screen-reader-text\">Wissenswertes<\/span> weiterlesen<\/a><\/p>\n","protected":false},"author":1,"featured_media":1193,"parent":0,"menu_order":0,"comment_status":"closed","ping_status":"closed","template":"templates\/full-width-page.php","meta":{"footnotes":""},"class_list":["post-123","page","type-page","status-publish","has-post-thumbnail","hentry"],"_links":{"self":[{"href":"https:\/\/www.andrea-rakers.de\/index.php?rest_route=\/wp\/v2\/pages\/123","targetHints":{"allow":["GET"]}}],"collection":[{"href":"https:\/\/www.andrea-rakers.de\/index.php?rest_route=\/wp\/v2\/pages"}],"about":[{"href":"https:\/\/www.andrea-rakers.de\/index.php?rest_route=\/wp\/v2\/types\/page"}],"author":[{"embeddable":true,"href":"https:\/\/www.andrea-rakers.de\/index.php?rest_route=\/wp\/v2\/users\/1"}],"replies":[{"embeddable":true,"href":"https:\/\/www.andrea-rakers.de\/index.php?rest_route=%2Fwp%2Fv2%2Fcomments&post=123"}],"version-history":[{"count":2,"href":"https:\/\/www.andrea-rakers.de\/index.php?rest_route=\/wp\/v2\/pages\/123\/revisions"}],"predecessor-version":[{"id":1194,"href":"https:\/\/www.andrea-rakers.de\/index.php?rest_route=\/wp\/v2\/pages\/123\/revisions\/1194"}],"wp:featuredmedia":[{"embeddable":true,"href":"https:\/\/www.andrea-rakers.de\/index.php?rest_route=\/wp\/v2\/media\/1193"}],"wp:attachment":[{"href":"https:\/\/www.andrea-rakers.de\/index.php?rest_route=%2Fwp%2Fv2%2Fmedia&parent=123"}],"curies":[{"name":"wp","href":"https:\/\/api.w.org\/{rel}","templated":true}]}}