{"id":1207,"date":"2022-11-30T13:19:17","date_gmt":"2022-11-30T12:19:17","guid":{"rendered":"https:\/\/www.andrea-rakers.de\/?page_id=1207"},"modified":"2026-02-09T21:50:47","modified_gmt":"2026-02-09T20:50:47","slug":"willkommen","status":"publish","type":"page","link":"https:\/\/www.andrea-rakers.de\/","title":{"rendered":""},"content":{"rendered":"\n<p class=\"has-luminous-vivid-orange-color has-text-color\" style=\"font-size:30px\"><em><strong>Sch\u00f6n, dass Sie da sind! Sch\u00f6n, dass du da bist!<\/strong><\/em><\/p>\n\n\n\n<div class=\"wp-block-columns is-layout-flex wp-container-core-columns-is-layout-9d6595d7 wp-block-columns-is-layout-flex\">\n<div class=\"wp-block-column is-layout-flow wp-block-column-is-layout-flow\" style=\"flex-basis:66.66%\">\n<p style=\"font-size:16px\">Hier gebe ich einen Einblick in meine Angebote. In meiner Arbeit geht es vorwiegend darum, gemeinsam mit den Menschen, die zu mir kommen, neue Zug\u00e4nge zu Themen zu finden, bislang ungewohnte Handlungsfelder und kreative Ressourcen zu erschlie\u00dfen, sich vielleicht selbst auch einmal aus der Reserve zu locken und neugierig darauf zu sein, was dabei herauskommt!<\/p>\n\n\n\n<p style=\"font-size:16px\">Meine Angebote richten sich an Menschen, die daran interessiert sind sich mit kreativen Methoden zu reflektieren, Neues an sich zu entdecken, die eigenen Qualit\u00e4ten sichtbarer zu machen und verborgene Potenziale zu st\u00e4rken.<\/p>\n\n\n\n<p style=\"font-size:16px\">Das Ausprobieren in gesch\u00fctzter Atmosph\u00e4re ist Prinzip eines jedem Kurses, den ich leite.<br>Weitere Infortmationen zu den Schwerpunkten finden Sie in den Menupunkten.<br>Viel Spa\u00df beim st\u00f6bern!<br>Andrea Rakers, Lingen 2022<\/p>\n\n\n\n<div style=\"height:41px\" aria-hidden=\"true\" class=\"wp-block-spacer\"><\/div>\n\n\n\n<div class=\"wp-block-columns is-layout-flex wp-container-core-columns-is-layout-9d6595d7 wp-block-columns-is-layout-flex\">\n<div class=\"wp-block-column is-layout-flow wp-block-column-is-layout-flow\">\n<p class=\"has-luminous-vivid-orange-color has-text-color\" style=\"font-size:25px\"><strong><em>Kurse<\/em><\/strong><\/p>\n\n\n\n<p style=\"font-size:16px\">Durch k\u00f6rperliche Bewegung, Wahrnehmungs- und Achtsamkeits\u00fcbungen&#8230;<\/p>\n\n\n\n<p style=\"font-size:16px\"><a href=\"https:\/\/www.andrea-rakers.de\/?page_id=167\" data-type=\"page\" data-id=\"167\">mehr erfahren&gt;<\/a><\/p>\n<\/div>\n\n\n\n<div class=\"wp-block-column is-layout-flow wp-block-column-is-layout-flow\">\n<p class=\"has-luminous-vivid-orange-color has-text-color\" style=\"font-size:25px\"><strong><em>Weiterbildung<\/em><\/strong><\/p>\n\n\n\n<p style=\"font-size:16px\">WIR sind unser Werkzeug! WIR sind unser Instrument und es gilt dieses behutsam zu pflegen&#8230;<\/p>\n\n\n\n<p style=\"font-size:16px\"><a href=\"https:\/\/www.andrea-rakers.de\/?page_id=538\" data-type=\"page\" data-id=\"538\">mehr erfahren&gt;<\/a><\/p>\n<\/div>\n\n\n\n<div class=\"wp-block-column is-layout-flow wp-block-column-is-layout-flow\">\n<p class=\"has-luminous-vivid-orange-color has-text-color\" style=\"font-size:25px\"><strong><em>Beratung<\/em><\/strong><\/p>\n\n\n\n<p style=\"font-size:16px\">In meiner Beratungst\u00e4tigkeit arbeite ich vorwiegend nach dem l\u00f6sungsorientierten Ansatz&#8230;<\/p>\n\n\n\n<p style=\"font-size:16px\"><a href=\"https:\/\/www.andrea-rakers.de\/?page_id=394\" data-type=\"page\" data-id=\"394\">mehr erfahren&gt;<\/a><\/p>\n<\/div>\n<\/div>\n\n\n\n<div style=\"height:30px\" aria-hidden=\"true\" class=\"wp-block-spacer\"><\/div>\n\n\n\n<p class=\"has-text-align-center has-luminous-vivid-orange-color has-text-color\" style=\"font-size:25px\"><strong><em>Andrea Rakers<\/em><\/strong><\/p>\n\n\n<div class=\"wp-block-image is-style-rounded\">\n<figure class=\"aligncenter size-full is-resized\"><img loading=\"lazy\" decoding=\"async\" width=\"378\" height=\"366\" src=\"https:\/\/www.andrea-rakers.de\/wp-content\/uploads\/2022\/12\/ich.webp\" alt=\"\" class=\"wp-image-1218\" style=\"width:258px;height:250px\" srcset=\"https:\/\/www.andrea-rakers.de\/wp-content\/uploads\/2022\/12\/ich.webp 378w, https:\/\/www.andrea-rakers.de\/wp-content\/uploads\/2022\/12\/ich-300x290.webp 300w\" sizes=\"auto, (max-width: 378px) 100vw, 378px\" \/><\/figure>\n<\/div>\n\n\n<p class=\"has-text-align-center has-medium-font-size\"><strong>Diplomp\u00e4dagogin &#8211; Theaterp\u00e4dagogin &#8211; klinische Theatertherapeutin<\/strong><\/p>\n\n\n\n<p class=\"has-text-align-center\" style=\"font-size:16px\">Tel.: +49 (0)591 966 375 11<br>Mail: info@andrea-rakers.de<\/p>\n<\/div>\n\n\n\n<div class=\"wp-block-column is-layout-flow wp-block-column-is-layout-flow\" style=\"flex-basis:33.33%\">\n<figure class=\"wp-block-image size-large is-resized\"><img loading=\"lazy\" decoding=\"async\" width=\"1024\" height=\"512\" src=\"https:\/\/www.andrea-rakers.de\/wp-content\/uploads\/2022\/11\/cropped-Logo-Andrea-Rakers-1024x512.webp\" alt=\"\" class=\"wp-image-1174\" srcset=\"https:\/\/www.andrea-rakers.de\/wp-content\/uploads\/2022\/11\/cropped-Logo-Andrea-Rakers-1024x512.webp 1024w, https:\/\/www.andrea-rakers.de\/wp-content\/uploads\/2022\/11\/cropped-Logo-Andrea-Rakers-300x150.webp 300w, https:\/\/www.andrea-rakers.de\/wp-content\/uploads\/2022\/11\/cropped-Logo-Andrea-Rakers-768x384.webp 768w, https:\/\/www.andrea-rakers.de\/wp-content\/uploads\/2022\/11\/cropped-Logo-Andrea-Rakers-685x343.webp 685w, https:\/\/www.andrea-rakers.de\/wp-content\/uploads\/2022\/11\/cropped-Logo-Andrea-Rakers.webp 1182w\" sizes=\"auto, (max-width: 1024px) 100vw, 1024px\" \/><\/figure>\n\n\n\n<p style=\"font-size:16px\"><strong>AKTUELLES<\/strong><\/p>\n\n\n\n<hr class=\"wp-block-separator has-alpha-channel-opacity\"\/>\n\n\n\n<p style=\"font-size:14px\"><strong>Was zehrt was n\u00e4hrt<\/strong>?<br><em>Seminar f\u00fcr den Hospitzverein Lingen am 07.03. und 08.03.2026<br>Anmeldung \u00fcber den Hospitzverein Lingen <a href=\"http:\/\/www.lingener-hospitz.de\" data-type=\"link\" data-id=\"www.lingener-hospitz.de\" target=\"_blank\" rel=\"noreferrer noopener\">www.lingener-hospitz.de\u00a0<\/a><\/em><\/p>\n\n\n\n<hr class=\"wp-block-separator has-alpha-channel-opacity\"\/>\n\n\n\n<p style=\"font-size:14px\"><strong>Was zehrt was n\u00e4hrt<\/strong>?<br><em>Seminar am 07.04.2026<\/em><br><\/p>\n\n\n\n<figure class=\"wp-block-image size-full is-resized\"><a href=\"https:\/\/www.andrea-rakers.de\/wp-content\/uploads\/2026\/02\/Flyer-zaehrtNaehrt-ARakers.pdf\" target=\"_blank\" rel=\" noreferrer noopener\"><img loading=\"lazy\" decoding=\"async\" width=\"595\" height=\"420\" src=\"https:\/\/www.andrea-rakers.de\/wp-content\/uploads\/2026\/02\/Flyer-zaehrtNaehrt.jpg\" alt=\"\" class=\"wp-image-1306\" style=\"aspect-ratio:1.416638202757148;width:263px;height:auto\" srcset=\"https:\/\/www.andrea-rakers.de\/wp-content\/uploads\/2026\/02\/Flyer-zaehrtNaehrt.jpg 595w, https:\/\/www.andrea-rakers.de\/wp-content\/uploads\/2026\/02\/Flyer-zaehrtNaehrt-300x212.jpg 300w\" sizes=\"auto, (max-width: 595px) 100vw, 595px\" \/><\/a><\/figure>\n\n\n\n<p class=\"has-small-font-size\"><a href=\"https:\/\/www.andrea-rakers.de\/wp-content\/uploads\/2026\/02\/Flyer-zaehrtNaehrt-ARakers.pdf\" data-type=\"attachment\" data-id=\"1303\" target=\"_blank\" rel=\"noreferrer noopener\"><em>Download Flyer<\/em> &gt;<\/a><\/p>\n\n\n\n<hr class=\"wp-block-separator has-alpha-channel-opacity\"\/>\n\n\n\n<p style=\"font-size:14px\"><strong>Kostenfreie Wochenend Seminare <\/strong><br><strong>f\u00fcr Krebsbetroffene&nbsp;<\/strong><br>29. bis 31.05. und 13. bis 15.11.2026&nbsp;<br>Weitere Infos und Anmeldung hier:&nbsp;<a href=\"https:\/\/nds-krebsgesellschaft.de\/wochenendseminare-fuer-krebsbetroffene\/\" target=\"_blank\" rel=\"noreferrer noopener\">www.nds-krebsgesellschaft.de\/wochenendseminare-fuer-krebsbetroffene\/<\/a><\/p>\n\n\n\n<hr class=\"wp-block-separator has-alpha-channel-opacity\"\/>\n\n\n\n<p style=\"font-size:14px\"><strong>Fortbildungen* professionelle N\u00e4he<\/strong> <em>in M\u00fchltal &#8211; Inhousefortbildung im April und Oktober<\/em> &#8211; <strong><em>ausgebucht<\/em><\/strong><\/p>\n\n\n\n<hr class=\"wp-block-separator has-alpha-channel-opacity\"\/>\n\n\n\n<p style=\"font-size:14px\"><strong>Erev Fortbildungen f\u00fcr Profis aus der Kinder und Jugendhilfe <\/strong><br><br><em>24. bis 26.06.2026 in Paderborn <\/em><br>&#8222;Hitzefrei vom \u00c4lterwerden in der <br>sozialen Arbeit&#8220;&nbsp;<br><br><em>16. bis 18.09.2026 in Paderborn <\/em><br>&#8222;Wandel begleiten- von \u00dcberg\u00e4ngen, Abschied nehmen und Neuanf\u00e4ngen&#8220;<br><br>Anmeldungen und weitere Infos hier : <a href=\"http:\/\/www.erev.de\" data-type=\"link\" data-id=\"www.erev.de\" target=\"_blank\" rel=\"noreferrer noopener\">www.erev.de&nbsp;<\/a><\/p>\n\n\n\n<hr class=\"wp-block-separator has-alpha-channel-opacity\"\/>\n\n\n\n<p style=\"font-size:16px\"><strong>Neue Kurse<\/strong><\/p>\n\n\n\n<p style=\"font-size:14px\">L\u00f6sungsfokusierte Beratung &#8211; Online- auch an Wochenenden, Feiertagen und Abenden<br><a href=\"https:\/\/www.andrea-rakers.de\/wp-content\/uploads\/2022\/12\/ZeitFuerMich_Flyer-klein_A5.pdf\">Zeit f\u00fcr mich &#8211; Flyer<br><\/a><br>Beratung \u00dcbergangsphasen<br><a href=\"https:\/\/www.andrea-rakers.de\/wp-content\/uploads\/2022\/12\/Uebergangsphasen-AR.pdf\">\u00dcbergangsphasen &#8211; Flyer<\/a><\/p>\n\n\n\n<p style=\"font-size:14px\">Check-up f\u00fcr dein Leben &#8211; ein Intensivprogramm<br><a href=\"https:\/\/www.andrea-rakers.de\/wp-content\/uploads\/2022\/12\/CheckUp_Flyer-klein_A5.pdf\">CheckUp &#8211; Flyer<\/a><\/p>\n\n\n\n<p style=\"font-size:14px\">Verschiedene Kursangebote &#8211; eine \u00dcbersicht<br><a href=\"https:\/\/www.andrea-rakers.de\/wp-content\/uploads\/2022\/12\/Uebersicht-Flyer-klein-A5.pdf\">\u00dcbersicht Kurse &#8211; Flyer<\/a><\/p>\n\n\n\n<hr class=\"wp-block-separator has-alpha-channel-opacity\"\/>\n\n\n\n<p style=\"font-size:14px\"><strong>Extras<\/strong><br>Verschenke doch mal eine Beratung oder einen Kurs f\u00fcr einen lieben Menschen. Alternativ richte ich auch Kurse f\u00fcr bestehende Gruppen z.B. f\u00fcr Freundinnen, Familien, befreundete Paare und andere Gruppen, die zusammen kreativ sein m\u00f6chten, aus. Lass dich von meinen Angeboten inspirieren oder frage nach Kursen speziell f\u00fcr deine Gruppe, dein Thema. Eine Idee f\u00fcr die etwas andere Feier<\/p>\n\n\n\n<p><\/p>\n<\/div>\n<\/div>\n\n\n\n<p><\/p>\n","protected":false},"excerpt":{"rendered":"<p>Sch\u00f6n, dass Sie da sind! Sch\u00f6n, dass du da bist! Hier gebe ich einen Einblick in meine Angebote. In meiner Arbeit geht es vorwiegend darum, gemeinsam mit den Menschen, die zu mir kommen, neue Zug\u00e4nge zu Themen zu finden, bislang ungewohnte Handlungsfelder und kreative Ressourcen zu erschlie\u00dfen, sich vielleicht selbst auch einmal aus der Reserve &hellip; <a href=\"https:\/\/www.andrea-rakers.de\/\" class=\"more-link\"><span class=\"screen-reader-text\"><\/span> weiterlesen<\/a><\/p>\n","protected":false},"author":1,"featured_media":1168,"parent":0,"menu_order":0,"comment_status":"closed","ping_status":"closed","template":"templates\/full-width-page.php","meta":{"footnotes":""},"class_list":["post-1207","page","type-page","status-publish","has-post-thumbnail","hentry"],"_links":{"self":[{"href":"https:\/\/www.andrea-rakers.de\/index.php?rest_route=\/wp\/v2\/pages\/1207","targetHints":{"allow":["GET"]}}],"collection":[{"href":"https:\/\/www.andrea-rakers.de\/index.php?rest_route=\/wp\/v2\/pages"}],"about":[{"href":"https:\/\/www.andrea-rakers.de\/index.php?rest_route=\/wp\/v2\/types\/page"}],"author":[{"embeddable":true,"href":"https:\/\/www.andrea-rakers.de\/index.php?rest_route=\/wp\/v2\/users\/1"}],"replies":[{"embeddable":true,"href":"https:\/\/www.andrea-rakers.de\/index.php?rest_route=%2Fwp%2Fv2%2Fcomments&post=1207"}],"version-history":[{"count":63,"href":"https:\/\/www.andrea-rakers.de\/index.php?rest_route=\/wp\/v2\/pages\/1207\/revisions"}],"predecessor-version":[{"id":1313,"href":"https:\/\/www.andrea-rakers.de\/index.php?rest_route=\/wp\/v2\/pages\/1207\/revisions\/1313"}],"wp:featuredmedia":[{"embeddable":true,"href":"https:\/\/www.andrea-rakers.de\/index.php?rest_route=\/wp\/v2\/media\/1168"}],"wp:attachment":[{"href":"https:\/\/www.andrea-rakers.de\/index.php?rest_route=%2Fwp%2Fv2%2Fmedia&parent=1207"}],"curies":[{"name":"wp","href":"https:\/\/api.w.org\/{rel}","templated":true}]}}