{"id":1164,"date":"2022-01-14T13:35:45","date_gmt":"2022-01-14T11:35:45","guid":{"rendered":"https:\/\/siebenraum.wordpress.com\/?page_id=1164"},"modified":"2022-11-29T14:55:00","modified_gmt":"2022-11-29T13:55:00","slug":"perspektiven","status":"publish","type":"page","link":"https:\/\/www.andrea-rakers.de\/?page_id=1164","title":{"rendered":"Perspektiven"},"content":{"rendered":"\n<p><\/p>\n\n\n\n<p class=\"has-text-color has-medium-font-size\" style=\"color:#e75a2d\"><strong>Meine Themenschwerpunkte im \u00dcberblick:<\/strong><\/p>\n\n\n\n<ul class=\"wp-block-list\">\n<li>L\u00f6sungsfokussierte Kurzzeitberatungen ( <em>auch online<\/em>)<\/li>\n\n\n\n<li>Check \u2013 up f\u00fcr mein Leben (<em>eine Bestandsaufnahme in sieben Wochen<\/em> plus Nachbereitung- <em>auch online<\/em>)<\/li>\n\n\n\n<li>Entladen- Einladen- Aufladen (<em>ein ressourcenorientierter Kurzzeitprozess<\/em> <em>an drei Terminen -auch online)<\/em><\/li>\n\n\n\n<li>Theatertherapeutische Selbsterfahrungsgruppen f\u00fcr Kinder, Jugendliche und Erwachsene<\/li>\n\n\n\n<li>Themenzentrierte Kurse und Workshops f\u00fcr Vereine, freie Tr\u00e4ger oder private Gruppen<\/li>\n\n\n\n<li>Weiterbildungen f\u00fcr Menschen aus sozialen Berufen<\/li>\n\n\n\n<li>Coaching und Beratung f\u00fcr Menschen aus sozialen Berufen (<em>auch online)<\/em><\/li>\n<\/ul>\n\n\n\n<p style=\"font-size:16px\">Mit unterschiedlichen Methoden, die ich in meiner langj\u00e4hrigen Praxis gelernt und ausprobiert habe, liefere ich Impulse f\u00fcr die Bew\u00e4ltigung der Aufgaben, die das Leben an uns stellt. Meine Methoden eignen sich insbesondere zur St\u00e4rkung der seelischen Widerstandskraft (Resilienztraining), zur Schulung der Selbst \u2013 und Fremdwahrnehmung und nat\u00fcrlich zur Weiterentwicklung der eigenen Pers\u00f6nlichkeit.<\/p>\n\n\n\n<div style=\"height:30px\" aria-hidden=\"true\" class=\"wp-block-spacer\"><\/div>\n\n\n\n<p><strong><em>Folgende Methoden und Ans\u00e4tze haben mich inspiriert und pr\u00e4gen meine Arbeit:<\/em><\/strong><\/p>\n\n\n\n<ul class=\"wp-block-list\">\n<li>theatertherapeutische Methoden<\/li>\n\n\n\n<li>theaterp\u00e4dagogische Methoden<\/li>\n\n\n\n<li>der Early Excellence Ansatz<\/li>\n\n\n\n<li>der l\u00f6sungsfokussierte Ansatz<\/li>\n\n\n\n<li>der systemische Ansatz<\/li>\n\n\n\n<li>Focusing<\/li>\n\n\n\n<li>Methoden und \u00dcbungen aus der Achtsamkeitspraxis<\/li>\n\n\n\n<li>Methoden und \u00dcbungen aus dem QI GONG<\/li>\n<\/ul>\n\n\n\n<div style=\"height:60px\" aria-hidden=\"true\" class=\"wp-block-spacer\"><\/div>\n\n\n\n<p style=\"font-size:16px\"><em><strong>Meine Postkarten zum download:<\/strong><\/em><\/p>\n\n\n\n<figure class=\"wp-block-gallery has-nested-images columns-default is-cropped wp-block-gallery-1 is-layout-flex wp-block-gallery-is-layout-flex\">\n<figure class=\"wp-block-image size-medium\"><a href=\"https:\/\/siebenraum.files.wordpress.com\/2022\/01\/postkarte_check-up.pdf\" target=\"_blank\" rel=\"noopener\"><img decoding=\"async\" data-id=\"1348\" src=\"https:\/\/siebenraum.files.wordpress.com\/2022\/01\/postkarte_arakers-kampagne2_1.jpg?w=212\" alt=\"\" class=\"wp-image-1348\"\/><\/a><\/figure>\n\n\n\n<figure class=\"wp-block-image size-medium\"><a href=\"https:\/\/siebenraum.files.wordpress.com\/2022\/01\/postkarte_theatertherapie.pdf\" target=\"_blank\" rel=\"noopener\"><img decoding=\"async\" data-id=\"1347\" src=\"https:\/\/siebenraum.files.wordpress.com\/2022\/01\/postkarte_arakers-kampagne2_3.jpg?w=212\" alt=\"\" class=\"wp-image-1347\"\/><\/a><\/figure>\n\n\n\n<figure class=\"wp-block-image size-medium\"><a href=\"https:\/\/siebenraum.files.wordpress.com\/2022\/01\/postkarte_zeitfuermich.pdf\" target=\"_blank\" rel=\"noopener\"><img decoding=\"async\" data-id=\"1346\" src=\"https:\/\/siebenraum.files.wordpress.com\/2022\/01\/postkarte_arakers-kampagne2_5.jpg?w=212\" alt=\"\" class=\"wp-image-1346\"\/><\/a><\/figure>\n\n\n\n<figure class=\"wp-block-image size-medium\"><a href=\"https:\/\/siebenraum.files.wordpress.com\/2022\/02\/postkarte_arakers-allg.pdf\"><img decoding=\"async\" data-id=\"1368\" src=\"https:\/\/siebenraum.files.wordpress.com\/2022\/02\/postkarte_arakers-allgem_148x105_1.jpg\" alt=\"\" class=\"wp-image-1368\"\/><\/a><\/figure>\n<\/figure>\n\n\n\n<div style=\"height:28px\" aria-hidden=\"true\" class=\"wp-block-spacer\"><\/div>\n\n\n\n<p class=\"has-small-font-size\"> <em>Bildquelle: Max Ravier by pexels<\/em><\/p>\n","protected":false},"excerpt":{"rendered":"<p>Meine Themenschwerpunkte im \u00dcberblick: Mit unterschiedlichen Methoden, die ich in meiner langj\u00e4hrigen Praxis gelernt und ausprobiert habe, liefere ich Impulse f\u00fcr die Bew\u00e4ltigung der Aufgaben, die das Leben an uns stellt. Meine Methoden eignen sich insbesondere zur St\u00e4rkung der seelischen Widerstandskraft (Resilienztraining), zur Schulung der Selbst \u2013 und Fremdwahrnehmung und nat\u00fcrlich zur Weiterentwicklung der eigenen &hellip; <a href=\"https:\/\/www.andrea-rakers.de\/?page_id=1164\" class=\"more-link\"><span class=\"screen-reader-text\">Perspektiven<\/span> weiterlesen<\/a><\/p>\n","protected":false},"author":1,"featured_media":1184,"parent":0,"menu_order":0,"comment_status":"closed","ping_status":"closed","template":"templates\/full-width-page.php","meta":{"footnotes":""},"class_list":["post-1164","page","type-page","status-publish","has-post-thumbnail","hentry"],"_links":{"self":[{"href":"https:\/\/www.andrea-rakers.de\/index.php?rest_route=\/wp\/v2\/pages\/1164","targetHints":{"allow":["GET"]}}],"collection":[{"href":"https:\/\/www.andrea-rakers.de\/index.php?rest_route=\/wp\/v2\/pages"}],"about":[{"href":"https:\/\/www.andrea-rakers.de\/index.php?rest_route=\/wp\/v2\/types\/page"}],"author":[{"embeddable":true,"href":"https:\/\/www.andrea-rakers.de\/index.php?rest_route=\/wp\/v2\/users\/1"}],"replies":[{"embeddable":true,"href":"https:\/\/www.andrea-rakers.de\/index.php?rest_route=%2Fwp%2Fv2%2Fcomments&post=1164"}],"version-history":[{"count":1,"href":"https:\/\/www.andrea-rakers.de\/index.php?rest_route=\/wp\/v2\/pages\/1164\/revisions"}],"predecessor-version":[{"id":1186,"href":"https:\/\/www.andrea-rakers.de\/index.php?rest_route=\/wp\/v2\/pages\/1164\/revisions\/1186"}],"wp:featuredmedia":[{"embeddable":true,"href":"https:\/\/www.andrea-rakers.de\/index.php?rest_route=\/wp\/v2\/media\/1184"}],"wp:attachment":[{"href":"https:\/\/www.andrea-rakers.de\/index.php?rest_route=%2Fwp%2Fv2%2Fmedia&parent=1164"}],"curies":[{"name":"wp","href":"https:\/\/api.w.org\/{rel}","templated":true}]}}